{"id":5180,"date":"2026-01-06T15:03:47","date_gmt":"2026-01-06T15:03:47","guid":{"rendered":"https:\/\/entbluetengold.windwork-entwicklung.ch\/retours-et-remboursements-suisse\/"},"modified":"2026-01-07T14:22:39","modified_gmt":"2026-01-07T14:22:39","slug":"retours-et-remboursements-suisse","status":"publish","type":"page","link":"https:\/\/entbluetengold.windwork-entwicklung.ch\/fr\/retours-et-remboursements-suisse\/","title":{"rendered":"Retours et remboursements (Suisse)"},"content":{"rendered":"<p><div class=\"fusion-fullwidth fullwidth-box fusion-builder-row-1 fusion-flex-container has-pattern-background has-mask-background hundred-percent-fullwidth non-hundred-percent-height-scrolling fusion-no-small-visibility fusion-no-medium-visibility fusion-animated fusion-custom-z-index\" style=\"--awb-border-radius-top-left:0px;--awb-border-radius-top-right:0px;--awb-border-radius-bottom-right:0px;--awb-border-radius-bottom-left:0px;--awb-z-index:1;--awb-padding-top:40px;--awb-padding-right:60px;--awb-padding-bottom:40px;--awb-padding-left:60px;--awb-flex-wrap:wrap;\" data-animationType=\"fadeInUp\" data-animationDuration=\"1.3\" data-animationOffset=\"top-into-view\" ><div class=\"fusion-builder-row fusion-row fusion-flex-align-items-flex-start fusion-flex-content-wrap\" style=\"width:calc( 100% + 0px ) !important;max-width:calc( 100% + 0px ) !important;margin-left: calc(-0px \/ 2 );margin-right: calc(-0px \/ 2 );\"><div class=\"fusion-layout-column fusion_builder_column fusion-builder-column-0 fusion_builder_column_1_2 1_2 fusion-flex-column fusion-flex-align-self-stretch\" style=\"--awb-padding-top:32px;--awb-padding-right:64px;--awb-padding-bottom:32px;--awb-padding-left:64px;--awb-padding-top-small:56px;--awb-padding-right-small:24px;--awb-padding-bottom-small:56px;--awb-padding-left-small:24px;--awb-overflow:hidden;--awb-bg-color:var(--awb-color5);--awb-bg-color-hover:var(--awb-color5);--awb-bg-size:cover;--awb-border-radius:8px 0px 0px 8px;--awb-width-large:50%;--awb-margin-top-large:0px;--awb-spacing-right-large:0px;--awb-margin-bottom-large:0px;--awb-spacing-left-large:0px;--awb-width-medium:50%;--awb-order-medium:0;--awb-spacing-right-medium:0px;--awb-spacing-left-medium:0px;--awb-width-small:100%;--awb-order-small:0;--awb-spacing-right-small:0px;--awb-spacing-left-small:0px;\" data-scroll-devices=\"small-visibility,medium-visibility,large-visibility\"><div class=\"fusion-column-wrapper lazyload fusion-column-has-shadow fusion-flex-justify-content-center fusion-content-layout-column fusion-column-has-bg-image\" data-bg-url=\"https:\/\/entbluetengold.windwork-entwicklung.ch\/wp-content\/uploads\/2024\/01\/section-bg-3.png\" data-bg=\"https:\/\/entbluetengold.windwork-entwicklung.ch\/wp-content\/uploads\/2024\/01\/section-bg-3.png\"><div class=\"fusion-title title fusion-title-1 fusion-sep-none fusion-title-text fusion-title-size-one\" style=\"--awb-text-color:var(--awb-color1);--awb-margin-top-small:10px;--awb-margin-right-small:0px;--awb-margin-bottom-small:10px;--awb-margin-left-small:0px;\"><h1 class=\"fusion-title-heading title-heading-left\" style=\"margin:0;\">Retours et remboursements<\/h1><\/div><\/div><\/div><div class=\"fusion-layout-column fusion_builder_column fusion-builder-column-1 fusion_builder_column_1_2 1_2 fusion-flex-column fusion-flex-align-self-stretch\" style=\"--awb-padding-top:32px;--awb-padding-right:64px;--awb-padding-bottom:32px;--awb-padding-left:64px;--awb-padding-top-small:56px;--awb-padding-right-small:24px;--awb-padding-bottom-small:56px;--awb-padding-left-small:24px;--awb-overflow:hidden;--awb-bg-color:var(--awb-color5);--awb-bg-color-hover:var(--awb-color5);--awb-bg-size:cover;--awb-border-radius:0px 8px 8px 0px;--awb-width-large:50%;--awb-margin-top-large:0px;--awb-spacing-right-large:0px;--awb-margin-bottom-large:0px;--awb-spacing-left-large:0px;--awb-width-medium:50%;--awb-order-medium:0;--awb-spacing-right-medium:0px;--awb-spacing-left-medium:0px;--awb-width-small:100%;--awb-order-small:0;--awb-spacing-right-small:0px;--awb-spacing-left-small:0px;\" data-scroll-devices=\"small-visibility,medium-visibility,large-visibility\"><div class=\"fusion-column-wrapper lazyload fusion-column-has-shadow fusion-flex-justify-content-center fusion-content-layout-column fusion-column-has-bg-image\" data-bg-url=\"https:\/\/entbluetengold.windwork-entwicklung.ch\/wp-content\/uploads\/2024\/01\/section-bg-3.png\" data-bg=\"https:\/\/entbluetengold.windwork-entwicklung.ch\/wp-content\/uploads\/2024\/01\/section-bg-3.png\"><div class=\"fusion-builder-row fusion-builder-row-inner fusion-row fusion-flex-align-items-flex-start fusion-flex-content-wrap\" style=\"--awb-flex-grow:0;--awb-flex-grow-medium:0;--awb-flex-grow-small:0;--awb-flex-shrink:0;--awb-flex-shrink-medium:0;--awb-flex-shrink-small:0;width:calc( 100% + 0px ) !important;max-width:calc( 100% + 0px ) !important;margin-left: calc(-0px \/ 2 );margin-right: calc(-0px \/ 2 );\"><div class=\"fusion-layout-column fusion_builder_column_inner fusion-builder-nested-column-0 fusion_builder_column_inner_1_2 1_2 fusion-flex-column fusion-flex-align-self-center\" style=\"--awb-bg-size:cover;--awb-width-large:50%;--awb-margin-top-large:0px;--awb-spacing-right-large:0px;--awb-margin-bottom-large:0px;--awb-spacing-left-large:0px;--awb-width-medium:50%;--awb-order-medium:0;--awb-spacing-right-medium:0px;--awb-spacing-left-medium:0px;--awb-width-small:100%;--awb-order-small:0;--awb-spacing-right-small:0px;--awb-spacing-left-small:0px;\" data-scroll-devices=\"small-visibility,medium-visibility,large-visibility\"><div class=\"fusion-column-wrapper fusion-column-has-shadow fusion-flex-justify-content-center fusion-content-layout-column\"><i class=\"fb-icon-element-1 fb-icon-element fontawesome-icon fa-phone-alt fas circle-yes\" style=\"--awb-iconcolor-hover:var(--awb-color6);--awb-circlecolor:var(--awb-color6);--awb-circlecolor-hover:var(--awb-color2);--awb-circlebordercolor:var(--awb-color6);--awb-circlebordercolor-hover:var(--awb-color2);--awb-circlebordersize:1px;--awb-font-size:28.16px;--awb-width:56.32px;--awb-height:56.32px;--awb-line-height:54.32px;--awb-align-self:center;--awb-margin-top:0px;--awb-margin-right:0px;--awb-margin-bottom:20px;--awb-margin-left:0px;\"><\/i><div class=\"fusion-text fusion-text-1 fusion-text-no-margin\" style=\"--awb-content-alignment:center;--awb-text-color:#f8f7f4;--awb-margin-bottom:0px;\"><p>+41 79 567 95 84<\/p>\n<\/div><\/div><\/div><div class=\"fusion-layout-column fusion_builder_column_inner fusion-builder-nested-column-1 fusion_builder_column_inner_1_2 1_2 fusion-flex-column\" style=\"--awb-bg-size:cover;--awb-width-large:50%;--awb-margin-top-large:0px;--awb-spacing-right-large:0px;--awb-margin-bottom-large:0px;--awb-spacing-left-large:0px;--awb-width-medium:50%;--awb-order-medium:0;--awb-spacing-right-medium:0px;--awb-spacing-left-medium:0px;--awb-width-small:100%;--awb-order-small:0;--awb-spacing-right-small:0px;--awb-spacing-left-small:0px;\"><div class=\"fusion-column-wrapper fusion-column-has-shadow fusion-flex-justify-content-flex-start fusion-content-layout-column\"><i class=\"fb-icon-element-2 fb-icon-element fontawesome-icon fa-at fas circle-yes\" style=\"--awb-iconcolor-hover:var(--awb-color6);--awb-circlecolor:var(--awb-color6);--awb-circlecolor-hover:var(--awb-color1);--awb-circlebordercolor:var(--awb-color6);--awb-circlebordercolor-hover:var(--awb-color1);--awb-circlebordersize:1px;--awb-font-size:28.16px;--awb-width:56.32px;--awb-height:56.32px;--awb-line-height:54.32px;--awb-align-self:center;--awb-margin-top:0px;--awb-margin-right:0px;--awb-margin-bottom:20px;--awb-margin-left:0px;\"><\/i><div class=\"fusion-text fusion-text-2 fusion-text-no-margin\" style=\"--awb-content-alignment:center;--awb-text-color:#141414;--awb-margin-bottom:0px;\"><p><span style=\"color: #f8f7f4;\"><a style=\"color: #f8f7f4;\" href=\"mailto:info@bluetengold.ch\">info@bluetengold.ch<\/a><\/span><\/p>\n<\/div><\/div><\/div><\/div><\/div><\/div><\/div><\/div><div class=\"fusion-fullwidth fullwidth-box fusion-builder-row-2 fusion-flex-container has-pattern-background has-mask-background hundred-percent-fullwidth non-hundred-percent-height-scrolling fusion-no-large-visibility fusion-animated fusion-custom-z-index\" style=\"--awb-border-radius-top-left:0px;--awb-border-radius-top-right:0px;--awb-border-radius-bottom-right:0px;--awb-border-radius-bottom-left:0px;--awb-z-index:1;--awb-padding-top:40px;--awb-padding-right:30px;--awb-padding-bottom:40px;--awb-padding-left:30px;--awb-flex-wrap:wrap;\" data-animationType=\"fadeInUp\" data-animationDuration=\"1.3\" data-animationOffset=\"top-into-view\" ><div class=\"fusion-builder-row fusion-row fusion-flex-align-items-flex-start fusion-flex-content-wrap\" style=\"width:calc( 100% + 0px ) !important;max-width:calc( 100% + 0px ) !important;margin-left: calc(-0px \/ 2 );margin-right: calc(-0px \/ 2 );\"><div class=\"fusion-layout-column fusion_builder_column fusion-builder-column-2 fusion_builder_column_1_1 1_1 fusion-flex-column fusion-flex-align-self-stretch\" style=\"--awb-padding-top:32px;--awb-padding-right:64px;--awb-padding-bottom:32px;--awb-padding-left:64px;--awb-padding-top-small:30px;--awb-padding-right-small:24px;--awb-padding-bottom-small:30px;--awb-padding-left-small:24px;--awb-overflow:hidden;--awb-bg-color:var(--awb-color5);--awb-bg-color-hover:var(--awb-color5);--awb-bg-size:cover;--awb-border-radius:8px 8px 8px 8px;--awb-width-large:100%;--awb-margin-top-large:0px;--awb-spacing-right-large:0px;--awb-margin-bottom-large:0px;--awb-spacing-left-large:0px;--awb-width-medium:100%;--awb-order-medium:0;--awb-spacing-right-medium:0px;--awb-spacing-left-medium:0px;--awb-width-small:100%;--awb-order-small:0;--awb-spacing-right-small:0px;--awb-spacing-left-small:0px;\" data-scroll-devices=\"small-visibility,medium-visibility,large-visibility\"><div class=\"fusion-column-wrapper lazyload fusion-column-has-shadow fusion-flex-justify-content-center fusion-content-layout-column fusion-column-has-bg-image\" data-bg-url=\"https:\/\/entbluetengold.windwork-entwicklung.ch\/wp-content\/uploads\/2024\/01\/section-bg-3.png\" data-bg=\"https:\/\/entbluetengold.windwork-entwicklung.ch\/wp-content\/uploads\/2024\/01\/section-bg-3.png\"><div class=\"fusion-title title fusion-title-2 fusion-sep-none fusion-title-text fusion-title-size-one\" style=\"--awb-text-color:var(--awb-color1);--awb-margin-top-small:10px;--awb-margin-right-small:0px;--awb-margin-bottom-small:10px;--awb-margin-left-small:0px;--awb-font-size:40px;\"><h1 class=\"fusion-title-heading title-heading-left\" style=\"margin:0;font-size:1em;\">Retours et remboursements<\/h1><\/div><\/div><\/div><\/div><\/div><div class=\"fusion-fullwidth fullwidth-box fusion-builder-row-3 fusion-flex-container has-pattern-background has-mask-background hundred-percent-fullwidth non-hundred-percent-height-scrolling\" style=\"--awb-border-radius-top-left:0px;--awb-border-radius-top-right:0px;--awb-border-radius-bottom-right:0px;--awb-border-radius-bottom-left:0px;--awb-padding-right:60px;--awb-padding-left:60px;--awb-padding-right-medium:30px;--awb-padding-left-medium:30px;--awb-padding-right-small:30px;--awb-padding-left-small:30px;--awb-flex-wrap:wrap;\" ><div class=\"fusion-builder-row fusion-row fusion-flex-align-items-stretch fusion-flex-content-wrap\" style=\"width:104% !important;max-width:104% !important;margin-left: calc(-4% \/ 2 );margin-right: calc(-4% \/ 2 );\"><div class=\"fusion-layout-column fusion_builder_column fusion-builder-column-3 fusion_builder_column_1_1 1_1 fusion-flex-column fusion-flex-align-self-stretch fusion-animated\" style=\"--awb-bg-size:cover;--awb-width-large:100%;--awb-margin-top-large:0px;--awb-spacing-right-large:1.92%;--awb-margin-bottom-large:0px;--awb-spacing-left-large:1.92%;--awb-width-medium:100%;--awb-order-medium:0;--awb-spacing-right-medium:1.92%;--awb-spacing-left-medium:1.92%;--awb-width-small:100%;--awb-order-small:0;--awb-spacing-right-small:1.92%;--awb-spacing-left-small:1.92%;\" data-animationType=\"fadeInUp\" data-animationDuration=\"1.3\" data-animationOffset=\"top-into-view\" data-scroll-devices=\"small-visibility,medium-visibility,large-visibility\"><div class=\"fusion-column-wrapper fusion-column-has-shadow fusion-flex-justify-content-flex-start fusion-content-layout-column\"><div class=\"fusion-title title fusion-title-3 fusion-sep-none fusion-title-text fusion-title-size-two\" style=\"--awb-text-color:var(--awb-color8);--awb-margin-top-small:10px;--awb-margin-right-small:0px;--awb-margin-bottom-small:10px;--awb-margin-left-small:0px;--awb-font-size:42px;\"><h2 class=\"fusion-title-heading title-heading-left\" style=\"margin:0;text-transform:none;font-size:1em;\">Champ d\u2019application<\/h2><\/div><div class=\"fusion-text fusion-text-3 fusion-text-no-margin\" style=\"--awb-content-alignment:left;--awb-font-size:17px;--awb-text-transform:var(--awb-typography4-text-transform);--awb-text-color:var(--awb-color8);--awb-margin-right:40px;--awb-margin-bottom:20px;\"><p>Les dispositions suivantes s\u2019appliquent aux commandes pass\u00e9es via la boutique en ligne de <strong>Bl\u00fctengold<\/strong> en <strong>Suisse<\/strong>.<\/p>\n<\/div><div class=\"fusion-title title fusion-title-4 fusion-sep-none fusion-title-text fusion-title-size-two\" style=\"--awb-text-color:var(--awb-color8);--awb-margin-top-small:10px;--awb-margin-right-small:0px;--awb-margin-bottom-small:10px;--awb-margin-left-small:0px;--awb-font-size:42px;\"><h2 class=\"fusion-title-heading title-heading-left\" style=\"margin:0;text-transform:none;font-size:1em;\">Droit de retour (Suisse)<\/h2><\/div><div class=\"fusion-text fusion-text-4 fusion-text-no-margin\" style=\"--awb-content-alignment:left;--awb-font-size:17px;--awb-text-transform:var(--awb-typography4-text-transform);--awb-text-color:var(--awb-color8);--awb-margin-right:40px;--awb-margin-bottom:20px;\"><p>En Suisse, il n\u2019existe <strong>pas de droit de r\u00e9tractation l\u00e9gal<\/strong>.<br \/>\nBl\u00fctengold accorde toutefois volontairement un <strong>droit de retour de 14 jours<\/strong> \u00e0 compter de la r\u00e9ception de la marchandise.<\/p>\n<\/div><div class=\"fusion-title title fusion-title-5 fusion-sep-none fusion-title-text fusion-title-size-two\" style=\"--awb-text-color:var(--awb-color8);--awb-margin-top-small:10px;--awb-margin-right-small:0px;--awb-margin-bottom-small:10px;--awb-margin-left-small:0px;--awb-font-size:42px;\"><h2 class=\"fusion-title-heading title-heading-left\" style=\"margin:0;text-transform:none;font-size:1em;\">Conditions pr\u00e9alables \u00e0 un retour<\/h2><\/div><div class=\"fusion-text fusion-text-5 fusion-text-no-margin\" style=\"--awb-content-alignment:left;--awb-font-size:17px;--awb-text-transform:var(--awb-typography4-text-transform);--awb-text-color:var(--awb-color8);--awb-margin-right:40px;--awb-margin-bottom:20px;\"><p>Un retour n\u2019est possible que si les conditions suivantes sont remplies :<br \/>\n\u2022 La marchandise est <strong>non ouverte<\/strong>, <strong>non utilis\u00e9e<\/strong> et dans son <strong>emballage d\u2019origine<\/strong><br \/>\n\u2022 L\u2019emballage d\u2019origine est <strong>intact<\/strong><br \/>\n\u2022 Le retour a lieu <strong>dans les 14 jours<\/strong> suivant la r\u00e9ception de la commande<\/p>\n<p>Pour des raisons d\u2019hygi\u00e8ne et de sant\u00e9, les <strong>produits ouverts ou descell\u00e9s<\/strong> sont exclus du retour.<\/p>\n<\/div><div class=\"fusion-title title fusion-title-6 fusion-sep-none fusion-title-text fusion-title-size-two\" style=\"--awb-text-color:var(--awb-color8);--awb-margin-top-small:10px;--awb-margin-right-small:0px;--awb-margin-bottom-small:10px;--awb-margin-left-small:0px;--awb-font-size:42px;\"><h2 class=\"fusion-title-heading title-heading-left\" style=\"margin:0;text-transform:none;font-size:1em;\">Adresse pour le retour en Suisse<\/h2><\/div><div class=\"fusion-text fusion-text-6 fusion-text-no-margin\" style=\"--awb-content-alignment:left;--awb-font-size:17px;--awb-text-transform:var(--awb-typography4-text-transform);--awb-text-color:var(--awb-color8);--awb-margin-right:40px;--awb-margin-bottom:20px;\"><p>Bl\u00fctengold GmbH<br \/>\nAltelsweg 9<br \/>\n3661 Uetendorf<\/p>\n<\/div><div class=\"fusion-title title fusion-title-7 fusion-sep-none fusion-title-text fusion-title-size-two\" style=\"--awb-text-color:var(--awb-color8);--awb-margin-top-small:10px;--awb-margin-right-small:0px;--awb-margin-bottom-small:10px;--awb-margin-left-small:0px;--awb-font-size:42px;\"><h2 class=\"fusion-title-heading title-heading-left\" style=\"margin:0;text-transform:none;font-size:1em;\">Frais de retour<\/h2><\/div><div class=\"fusion-text fusion-text-7 fusion-text-no-margin\" style=\"--awb-content-alignment:left;--awb-font-size:17px;--awb-text-transform:var(--awb-typography4-text-transform);--awb-text-color:var(--awb-color8);--awb-margin-right:40px;--awb-margin-bottom:20px;\"><p>Les frais de retour en Suisse sont <strong>\u00e0 la charge du client<\/strong>, sauf accord contraire.<\/p>\n<\/div><div class=\"fusion-title title fusion-title-8 fusion-sep-none fusion-title-text fusion-title-size-two\" style=\"--awb-text-color:var(--awb-color8);--awb-margin-top-small:10px;--awb-margin-right-small:0px;--awb-margin-bottom-small:10px;--awb-margin-left-small:0px;--awb-font-size:42px;\"><h2 class=\"fusion-title-heading title-heading-left\" style=\"margin:0;text-transform:none;font-size:1em;\">Remboursement<\/h2><\/div><div class=\"fusion-text fusion-text-8 fusion-text-no-margin\" style=\"--awb-content-alignment:left;--awb-font-size:17px;--awb-text-transform:var(--awb-typography4-text-transform);--awb-text-color:var(--awb-color8);--awb-margin-right:40px;--awb-margin-bottom:20px;\"><p>Apr\u00e8s r\u00e9ception et v\u00e9rification de la marchandise retourn\u00e9e, nous remboursons le montant de l\u2019achat :<br \/>\n\u2022 via le m\u00eame moyen de paiement que celui utilis\u00e9 lors de la commande<br \/>\n\u2022 dans un d\u00e9lai de <strong>5 \u00e0 10 jours ouvrables<\/strong><\/p>\n<p>Les frais d\u2019exp\u00e9dition ne sont pas rembours\u00e9s, sauf si le retour est d\u00fb \u00e0 une erreur de notre part.<\/p>\n<\/div><div class=\"fusion-title title fusion-title-9 fusion-sep-none fusion-title-text fusion-title-size-two\" style=\"--awb-text-color:var(--awb-color8);--awb-margin-top-small:10px;--awb-margin-right-small:0px;--awb-margin-bottom-small:10px;--awb-margin-left-small:0px;--awb-font-size:42px;\"><h2 class=\"fusion-title-heading title-heading-left\" style=\"margin:0;text-transform:none;font-size:1em;\">Contact<\/h2><\/div><div class=\"fusion-text fusion-text-9 fusion-text-no-margin\" style=\"--awb-content-alignment:left;--awb-font-size:17px;--awb-text-transform:var(--awb-typography4-text-transform);--awb-text-color:var(--awb-color8);--awb-margin-right:40px;--awb-margin-bottom:40px;\"><p>Pour toute question concernant les retours ou les remboursements, vous pouvez nous contacter \u00e0 l\u2019adresse suivante :<\/p>\n<p>Bl\u00fctengold GmbH<br \/>\ninfo@bluetengold.ch<br \/>\n+41 79 567 95 84<\/p>\n<\/div><\/div><\/div><\/div><\/div><\/p>\n","protected":false},"excerpt":{"rendered":"","protected":false},"author":1,"featured_media":0,"parent":0,"menu_order":0,"comment_status":"closed","ping_status":"closed","template":"100-width.php","meta":{"_acf_changed":false,"footnotes":""},"class_list":["post-5180","page","type-page","status-publish","hentry"],"acf":[],"yoast_head":"<!-- This site is optimized with the Yoast SEO plugin v27.2 - https:\/\/yoast.com\/product\/yoast-seo-wordpress\/ -->\n<title>Retours et remboursements | Bl\u00fctengold<\/title>\n<meta name=\"description\" content=\"Informations sur les retours et remboursements chez Bl\u00fctengold pour les commandes en Suisse. Droit de retour de 14 jours.\" \/>\n<meta name=\"robots\" content=\"noindex, follow, max-snippet:-1, max-image-preview:large, max-video-preview:-1\" \/>\n<meta property=\"og:locale\" content=\"fr_FR\" \/>\n<meta property=\"og:type\" content=\"article\" \/>\n<meta property=\"og:title\" content=\"Retours et remboursements | Bl\u00fctengold\" \/>\n<meta property=\"og:description\" content=\"Informations sur les retours et remboursements chez Bl\u00fctengold pour les commandes en Suisse. Droit de retour de 14 jours.\" \/>\n<meta property=\"og:url\" content=\"https:\/\/entbluetengold.windwork-entwicklung.ch\/fr\/retours-et-remboursements-suisse\/\" \/>\n<meta property=\"og:site_name\" content=\"CBD Produkte Bl\u00fctengold\" \/>\n<meta property=\"article:modified_time\" content=\"2026-01-07T14:22:39+00:00\" \/>\n<meta name=\"twitter:card\" content=\"summary_large_image\" \/>\n<meta name=\"twitter:label1\" content=\"Dur\u00e9e de lecture estim\u00e9e\" \/>\n\t<meta name=\"twitter:data1\" content=\"42 minutes\" \/>\n<script type=\"application\/ld+json\" class=\"yoast-schema-graph\">{\"@context\":\"https:\/\/schema.org\",\"@graph\":[{\"@type\":\"WebPage\",\"@id\":\"https:\/\/entbluetengold.windwork-entwicklung.ch\/fr\/retours-et-remboursements-suisse\/\",\"url\":\"https:\/\/entbluetengold.windwork-entwicklung.ch\/fr\/retours-et-remboursements-suisse\/\",\"name\":\"Retours et remboursements | Bl\u00fctengold\",\"isPartOf\":{\"@id\":\"https:\/\/entbluetengold.windwork-entwicklung.ch\/fr\/#website\"},\"datePublished\":\"2026-01-06T15:03:47+00:00\",\"dateModified\":\"2026-01-07T14:22:39+00:00\",\"description\":\"Informations sur les retours et remboursements chez Bl\u00fctengold pour les commandes en Suisse. Droit de retour de 14 jours.\",\"breadcrumb\":{\"@id\":\"https:\/\/entbluetengold.windwork-entwicklung.ch\/fr\/retours-et-remboursements-suisse\/#breadcrumb\"},\"inLanguage\":\"fr-FR\",\"potentialAction\":[{\"@type\":\"ReadAction\",\"target\":[\"https:\/\/entbluetengold.windwork-entwicklung.ch\/fr\/retours-et-remboursements-suisse\/\"]}]},{\"@type\":\"BreadcrumbList\",\"@id\":\"https:\/\/entbluetengold.windwork-entwicklung.ch\/fr\/retours-et-remboursements-suisse\/#breadcrumb\",\"itemListElement\":[{\"@type\":\"ListItem\",\"position\":1,\"name\":\"Home\",\"item\":\"https:\/\/entbluetengold.windwork-entwicklung.ch\/fr\/\"},{\"@type\":\"ListItem\",\"position\":2,\"name\":\"Retours et remboursements (Suisse)\"}]},{\"@type\":\"WebSite\",\"@id\":\"https:\/\/entbluetengold.windwork-entwicklung.ch\/fr\/#website\",\"url\":\"https:\/\/entbluetengold.windwork-entwicklung.ch\/fr\/\",\"name\":\"CBD Produkte Bl\u00fctengold\",\"description\":\"Bl\u00fctengold\",\"potentialAction\":[{\"@type\":\"SearchAction\",\"target\":{\"@type\":\"EntryPoint\",\"urlTemplate\":\"https:\/\/entbluetengold.windwork-entwicklung.ch\/fr\/?s={search_term_string}\"},\"query-input\":{\"@type\":\"PropertyValueSpecification\",\"valueRequired\":true,\"valueName\":\"search_term_string\"}}],\"inLanguage\":\"fr-FR\"}]}<\/script>\n<!-- \/ Yoast SEO plugin. -->","yoast_head_json":{"title":"Retours et remboursements | Bl\u00fctengold","description":"Informations sur les retours et remboursements chez Bl\u00fctengold pour les commandes en Suisse. Droit de retour de 14 jours.","robots":{"index":"noindex","follow":"follow","max-snippet":"max-snippet:-1","max-image-preview":"max-image-preview:large","max-video-preview":"max-video-preview:-1"},"og_locale":"fr_FR","og_type":"article","og_title":"Retours et remboursements | Bl\u00fctengold","og_description":"Informations sur les retours et remboursements chez Bl\u00fctengold pour les commandes en Suisse. Droit de retour de 14 jours.","og_url":"https:\/\/entbluetengold.windwork-entwicklung.ch\/fr\/retours-et-remboursements-suisse\/","og_site_name":"CBD Produkte Bl\u00fctengold","article_modified_time":"2026-01-07T14:22:39+00:00","twitter_card":"summary_large_image","twitter_misc":{"Dur\u00e9e de lecture estim\u00e9e":"42 minutes"},"schema":{"@context":"https:\/\/schema.org","@graph":[{"@type":"WebPage","@id":"https:\/\/entbluetengold.windwork-entwicklung.ch\/fr\/retours-et-remboursements-suisse\/","url":"https:\/\/entbluetengold.windwork-entwicklung.ch\/fr\/retours-et-remboursements-suisse\/","name":"Retours et remboursements | Bl\u00fctengold","isPartOf":{"@id":"https:\/\/entbluetengold.windwork-entwicklung.ch\/fr\/#website"},"datePublished":"2026-01-06T15:03:47+00:00","dateModified":"2026-01-07T14:22:39+00:00","description":"Informations sur les retours et remboursements chez Bl\u00fctengold pour les commandes en Suisse. Droit de retour de 14 jours.","breadcrumb":{"@id":"https:\/\/entbluetengold.windwork-entwicklung.ch\/fr\/retours-et-remboursements-suisse\/#breadcrumb"},"inLanguage":"fr-FR","potentialAction":[{"@type":"ReadAction","target":["https:\/\/entbluetengold.windwork-entwicklung.ch\/fr\/retours-et-remboursements-suisse\/"]}]},{"@type":"BreadcrumbList","@id":"https:\/\/entbluetengold.windwork-entwicklung.ch\/fr\/retours-et-remboursements-suisse\/#breadcrumb","itemListElement":[{"@type":"ListItem","position":1,"name":"Home","item":"https:\/\/entbluetengold.windwork-entwicklung.ch\/fr\/"},{"@type":"ListItem","position":2,"name":"Retours et remboursements (Suisse)"}]},{"@type":"WebSite","@id":"https:\/\/entbluetengold.windwork-entwicklung.ch\/fr\/#website","url":"https:\/\/entbluetengold.windwork-entwicklung.ch\/fr\/","name":"CBD Produkte Bl\u00fctengold","description":"Bl\u00fctengold","potentialAction":[{"@type":"SearchAction","target":{"@type":"EntryPoint","urlTemplate":"https:\/\/entbluetengold.windwork-entwicklung.ch\/fr\/?s={search_term_string}"},"query-input":{"@type":"PropertyValueSpecification","valueRequired":true,"valueName":"search_term_string"}}],"inLanguage":"fr-FR"}]}},"_links":{"self":[{"href":"https:\/\/entbluetengold.windwork-entwicklung.ch\/fr\/wp-json\/wp\/v2\/pages\/5180","targetHints":{"allow":["GET"]}}],"collection":[{"href":"https:\/\/entbluetengold.windwork-entwicklung.ch\/fr\/wp-json\/wp\/v2\/pages"}],"about":[{"href":"https:\/\/entbluetengold.windwork-entwicklung.ch\/fr\/wp-json\/wp\/v2\/types\/page"}],"author":[{"embeddable":true,"href":"https:\/\/entbluetengold.windwork-entwicklung.ch\/fr\/wp-json\/wp\/v2\/users\/1"}],"replies":[{"embeddable":true,"href":"https:\/\/entbluetengold.windwork-entwicklung.ch\/fr\/wp-json\/wp\/v2\/comments?post=5180"}],"version-history":[{"count":2,"href":"https:\/\/entbluetengold.windwork-entwicklung.ch\/fr\/wp-json\/wp\/v2\/pages\/5180\/revisions"}],"predecessor-version":[{"id":5182,"href":"https:\/\/entbluetengold.windwork-entwicklung.ch\/fr\/wp-json\/wp\/v2\/pages\/5180\/revisions\/5182"}],"wp:attachment":[{"href":"https:\/\/entbluetengold.windwork-entwicklung.ch\/fr\/wp-json\/wp\/v2\/media?parent=5180"}],"curies":[{"name":"wp","href":"https:\/\/api.w.org\/{rel}","templated":true}]}}